{"id":8,"date":"2019-03-25T11:04:39","date_gmt":"2019-03-25T10:04:39","guid":{"rendered":"http:\/\/www.plaza24.eu\/pogorzyce_wp\/?page_id=8"},"modified":"2019-03-25T13:37:50","modified_gmt":"2019-03-25T12:37:50","slug":"informacje-ogolne","status":"publish","type":"page","link":"http:\/\/pogorzyce.chrzanow.pl\/index.php\/informacje-ogolne\/","title":{"rendered":"Informacje og\u00f3lne"},"content":{"rendered":"\n<div class=\"wp-block-image\"><figure class=\"aligncenter\"><img loading=\"lazy\" decoding=\"async\" width=\"600\" height=\"433\" src=\"http:\/\/www.plaza24.eu\/pogorzyce_wp\/wp-content\/uploads\/2019\/03\/mapa_Pogorzycemin.jpg\" alt=\"\" class=\"wp-image-134\" srcset=\"http:\/\/pogorzyce.chrzanow.pl\/wp-content\/uploads\/2019\/03\/mapa_Pogorzycemin.jpg 600w, http:\/\/pogorzyce.chrzanow.pl\/wp-content\/uploads\/2019\/03\/mapa_Pogorzycemin-300x217.jpg 300w\" sizes=\"auto, (max-width: 600px) 100vw, 600px\" \/><figcaption> <br><strong>Pogorzyce &#8211; po\u0142o\u017cenie<\/strong><\/figcaption><\/figure><\/div>\n\n\n\n<p style=\"text-align:center\"><strong>Wojew\u00f3dztwo: ma\u0142opolskie<\/strong><\/p>\n\n\n\n<p style=\"text-align:center\"><strong>Powiat: Chrzan\u00f3w<\/strong><\/p>\n\n\n\n<p style=\"text-align:center\"><strong>Gmina: Chrzan\u00f3w<\/strong><\/p>\n\n\n\n<p>W Pogorzycach mieszka obecnie 1514 mieszka\u0144c\u00f3w (stan 7.08.2012r.), w tym do 18 roku \u017cycia 268, doro\u015bli 1246,w tym&nbsp; powy\u017cej 60 roku \u017cycia &#8211; 200, a powy\u017cej 65 roku \u017cycia 83.<\/p>\n\n\n\n<p>Od najbli\u017cszych miejscowo\u015bci dziel\u0105 j\u0105 odleg\u0142o\u015bci:&nbsp;<br>Krak\u00f3w: ~ 55 km<br>Katowice: ~ 45 km<br>Chrzan\u00f3w: ~ 6 km<br>Libi\u0105\u017c: ~ 16 km<br>Trzebinia: ~ 10 km<br>Alwernia: ~ 15 km<\/p>\n","protected":false},"excerpt":{"rendered":"<p>Wojew\u00f3dztwo: ma\u0142opolskie Powiat: Chrzan\u00f3w Gmina: Chrzan\u00f3w W Pogorzycach mieszka obecnie 1514 mieszka\u0144c\u00f3w (stan 7.08.2012r.), w tym do 18 roku \u017cycia 268, doro\u015bli 1246,w tym&nbsp; powy\u017cej 60 roku \u017cycia &#8211; 200, a powy\u017cej 65 roku \u017cycia 83. Od najbli\u017cszych miejscowo\u015bci dziel\u0105 j\u0105 odleg\u0142o\u015bci:&nbsp;Krak\u00f3w: ~ 55 kmKatowice: ~ 45 kmChrzan\u00f3w: ~ 6 kmLibi\u0105\u017c: ~ 16 kmTrzebinia: ~ [&hellip;]<\/p>\n","protected":false},"author":4,"featured_media":0,"parent":0,"menu_order":0,"comment_status":"closed","ping_status":"closed","template":"","meta":{"footnotes":""},"class_list":["post-8","page","type-page","status-publish","hentry"],"_links":{"self":[{"href":"http:\/\/pogorzyce.chrzanow.pl\/index.php\/wp-json\/wp\/v2\/pages\/8","targetHints":{"allow":["GET"]}}],"collection":[{"href":"http:\/\/pogorzyce.chrzanow.pl\/index.php\/wp-json\/wp\/v2\/pages"}],"about":[{"href":"http:\/\/pogorzyce.chrzanow.pl\/index.php\/wp-json\/wp\/v2\/types\/page"}],"author":[{"embeddable":true,"href":"http:\/\/pogorzyce.chrzanow.pl\/index.php\/wp-json\/wp\/v2\/users\/4"}],"replies":[{"embeddable":true,"href":"http:\/\/pogorzyce.chrzanow.pl\/index.php\/wp-json\/wp\/v2\/comments?post=8"}],"version-history":[{"count":3,"href":"http:\/\/pogorzyce.chrzanow.pl\/index.php\/wp-json\/wp\/v2\/pages\/8\/revisions"}],"predecessor-version":[{"id":136,"href":"http:\/\/pogorzyce.chrzanow.pl\/index.php\/wp-json\/wp\/v2\/pages\/8\/revisions\/136"}],"wp:attachment":[{"href":"http:\/\/pogorzyce.chrzanow.pl\/index.php\/wp-json\/wp\/v2\/media?parent=8"}],"curies":[{"name":"wp","href":"https:\/\/api.w.org\/{rel}","templated":true}]}}