{"id":452,"date":"2022-12-27T08:19:39","date_gmt":"2022-12-27T07:19:39","guid":{"rendered":"http:\/\/pogorzyce.chrzanow.pl\/?page_id=452"},"modified":"2024-03-27T10:59:44","modified_gmt":"2024-03-27T09:59:44","slug":"deklaracja-dostepnosci","status":"publish","type":"page","link":"http:\/\/pogorzyce.chrzanow.pl\/index.php\/deklaracja-dostepnosci\/","title":{"rendered":"Deklaracja dost\u0119pno\u015bci"},"content":{"rendered":"\n<p>Witamy na stronie Miejskiej Biblioteki Publicznej w Chrzanowie. Biblioteka jest zlokalizowana w bardzo dobrym punkcie komunikacyjnym miasta i wpisuje si\u0119 w przestrze\u0144 urbanistyczn\u0105 i otaczaj\u0105cy krajobraz z korzy\u015bci\u0105 dla okolicznych mieszka\u0144c\u00f3w Osiedla P\u00f3\u0142noc-Tysi\u0105clecie.<\/p>\n\n\n\n<p>W Bibliotece ka\u017cda osoba jest mile widzianym go\u015bciem, dlatego staramy si\u0119, aby nasze dzia\u0142ania by\u0142y dost\u0119pne dla wszystkich, r\u00f3wnie\u017c dla os\u00f3b ze szczeg\u00f3lnymi potrzebami. Nasi pracownicy s\u0105 zawsze ch\u0119tni do udzielenia pomocy i wszelkich informacji.<\/p>\n\n\n\n<p>W sprawach og\u00f3lnych, mo\u017cna si\u0119 z nami skontaktowa\u0107 pisz\u0105c na adres email: &#115;&#x65;&#x6b;&#114;&#x65;&#x74;&#97;&#x72;&#x69;&#97;&#x74;&#x40;&#109;&#x62;&#x70;&#46;&#x63;&#x68;&#114;&#x7a;&#x61;&#110;&#x6f;&#x77;&#46;&#x70;&#x6c; lub dzwoni\u0105c pod numer 32-763-27-52.<br>G\u0142\u00f3wna siedziba Miejskiej Biblioteki Publicznej w Chrzanowie znajduje si\u0119 przy ul. W\u0142adys\u0142awa Broniewskiego 10C, 32-500 Chrzan\u00f3w.<\/p>\n\n\n\n<p>Mo\u017cna do&nbsp;nas dojecha\u0107 autobusami linii: 3, 8, 9, 10, 17a,17b, 25, 29, 30, 31, 32a, 32b, 33, 35, 38.<br>Najbli\u017cej znajduje si\u0119 przystanek Chrzan\u00f3w Dworzec ZKKM.<\/p>\n\n\n\n<p>Mog\u0105 Pa\u0144stwo poprosi\u0107, aby&nbsp;pracownik&nbsp;Miejskiej Biblioteki Publicznej w Chrzanowie wyszed\u0142 po&nbsp;Pa\u0144stwa na&nbsp;przystanek \u2013 w&nbsp;tym celu prosimy o&nbsp;kontakt telefoniczny, e-mailowy lub SMS. W&nbsp;przypadku podr\u00f3\u017cy taks\u00f3wk\u0105 lub w\u0142asnym samochodem, zatrzyma\u0107 si\u0119 i&nbsp;zaparkowa\u0107 mo\u017cna tu\u017c przed&nbsp;budynkiem MBP w Chrzanowie, ul. W\u0142adys\u0142awa Broniewskiego 10C.<\/p>\n\n\n\n<p>Zgodnie z ustaw\u0105 o j\u0119zyku migowym osoby uprawnione, czyli do\u015bwiadczaj\u0105ce trwale lub okresowo trudno\u015bci w komunikowaniu si\u0119, maj\u0105 prawo do skorzystania z pomocy osoby przybranej, czyli osoby, kt\u00f3ra uko\u0144czy\u0142a 16 lat i zosta\u0142a wybrana przez osob\u0119 uprawnion\u0105 w&nbsp;celu u\u0142atwienia porozumiewania si\u0119 z osob\u0105 uprawnion\u0105 i udzielenia jej pomocy w za\u0142atwianiu spraw w organach administracji publicznej. Osoby nies\u0142ysz\u0105ce s\u0105 zobowi\u0105zane zg\u0142osi\u0107 ch\u0119\u0107 skorzystania ze \u015bwiadczenia us\u0142ugi t\u0142umacza j\u0119zyka migowego na 3 dni przed przyj\u015bciem do biblioteki (I pi\u0119tro, Sekretariat),<br>a tak\u017ce za pomoc\u0105 dost\u0119pnych \u015brodk\u00f3w komunikacji: e-mail: &#x73;&#x65;&#x6b;&#x72;&#x65;&#x74;&#x61;&#x72;&#x69;&#x61;&#x74;&#x40;&#x6d;&#x62;&#x70;&#x2e;&#x63;&#x68;&#x72;&#x7a;&#x61;&#x6e;&#x6f;&#x77;&#x2e;&#x70;&#x6c; i pod numerem telefonu 32 763 27 52.<\/p>\n\n\n\n<p>Miejska Biblioteka Publiczna w&nbsp; Chrzanowie zobowi\u0105zuje si\u0119 zapewni\u0107 dost\u0119pno\u015b\u0107 swojej strony internetowej zgodnie z&nbsp;przepisami ustawy z&nbsp;dnia 4&nbsp;kwietnia 2019 r. o&nbsp;dost\u0119pno\u015bci cyfrowej stron internetowych i&nbsp;aplikacji mobilnych podmiot\u00f3w publicznych. O\u015bwiadczenie w&nbsp;sprawie dost\u0119pno\u015bci ma zastosowanie do strony internetowej&nbsp;<a href=\"http:\/\/www.pogorzyce.chrzanow.pl\" data-type=\"URL\" data-id=\"www.pogorzyce.chrzanow.pl\">www.pogorzyce.chrzanow.pl<\/a><\/p>\n\n\n\n<h2 class=\"wp-block-heading\">Dost\u0119pno\u015b\u0107 cyfrowa dla strony internetowej: www.pogorzyce.chrzanow.pl<\/h2>\n\n\n\n<figure class=\"wp-block-embed is-type-video is-provider-youtube wp-block-embed-youtube wp-embed-aspect-16-9 wp-has-aspect-ratio\"><div class=\"wp-block-embed__wrapper\">\n<iframe loading=\"lazy\" title=\"Deklaracja dost\u0119pno\u015bci\" width=\"1160\" height=\"653\" src=\"https:\/\/www.youtube.com\/embed\/XTRYU9-GzZc?feature=oembed\" frameborder=\"0\" allow=\"accelerometer; autoplay; clipboard-write; encrypted-media; gyroscope; picture-in-picture; web-share\" referrerpolicy=\"strict-origin-when-cross-origin\" allowfullscreen><\/iframe>\n<\/div><\/figure>\n\n\n\n<p><strong>Dane teleadresowe jednostki:<\/strong><\/p>\n\n\n\n<p>Miejska Biblioteka Publiczna w Chrzanowie&nbsp; (w skr\u00f3cie MBP w Chrzanowie)<br>ul. W\u0142adys\u0142awa Broniewskiego 10C<br>32-500 Chrzan\u00f3w<br>tel. 32 763 27 52, 32 763 27 40<br>e-mail:&nbsp;<a href=\"&#109;&#x61;&#x69;l&#116;&#x6f;:&#115;&#x65;&#x6b;r&#101;&#x74;a&#114;&#x69;&#x61;t&#64;&#x6d;b&#112;&#x2e;&#x63;&#104;&#114;&#x7a;a&#110;&#x6f;&#x77;&#46;&#x70;&#x6c;\">&#x73;e&#x6b;&#114;e&#x74;&#97;&#x72;&#x69;a&#x74;&#64;m&#x62;&#112;&#x2e;&#99;h&#x72;&#122;a&#x6e;&#111;&#x77;&#46;p&#x6c;<\/a>,&nbsp;<a href=\"&#x6d;&#x61;&#105;&#108;t&#x6f;&#x3a;&#x62;&#105;bl&#x69;&#x6f;&#116;&#101;k&#x61;&#x40;&#x6d;&#98;p&#46;&#x63;&#x68;&#114;&#122;a&#x6e;&#x6f;&#x77;&#46;pl\">b&#105;&#x62;&#x6c;i&#111;&#x74;&#x65;k&#97;&#64;&#x6d;&#x62;p&#46;&#x63;&#x68;r&#122;&#x61;&#x6e;o&#119;&#46;&#x70;&#x6c;<\/a><\/p>\n\n\n\n<p>Data publikacji strony internetowej: 11.05.2020 r.<br>Data ostatniej istotnej aktualizacji: 11.05.2020 r.<\/p>\n\n\n\n<p>Strona internetowa&nbsp;<a href=\"https:\/\/www.mbp.chrzanow.pl\/\"><\/a><a href=\"http:\/\/www.pogorzyce.chrzanow.pl\/\">www.pogorzyce.chrzanow.pl<\/a> jest cz\u0119\u015bciowo zgodna z&nbsp;ustaw\u0105 z&nbsp;dnia 4&nbsp;kwietnia 2019 r. o&nbsp;dost\u0119pno\u015bci cyfrowej stron internetowych i&nbsp;aplikacji mobilnych podmiot\u00f3w publicznych z&nbsp;powodu wy\u0142\u0105cze\u0144 wymienionych poni\u017cej<strong>:<\/strong><\/p>\n\n\n\n<ul class=\"wp-block-list\">\n<li>niekt\u00f3re zdj\u0119cia opublikowane w tre\u015bci artyku\u0142\u00f3w na stronie nie posiadaj\u0105 opis\u00f3w alternatywnych<\/li>\n\n\n\n<li>nie wszystkie hiper\u0142\u0105cza maj\u0105 nadane tytu\u0142y<\/li>\n\n\n\n<li>nie wszystkie opublikowane lub udost\u0119pnione na stronie materia\u0142y wideo posiadaj\u0105 napisy<\/li>\n\n\n\n<li>nie wszystkie materia\u0142y d\u017awi\u0119kowe i wideo publikowane na stronie maj\u0105 transkrypcj\u0119 opisow\u0105 nagranego d\u017awi\u0119ku<\/li>\n\n\n\n<li>niekt\u00f3re materia\u0142y tekstowe nie maj\u0105 prawid\u0142owej hierarchii nag\u0142\u00f3wk\u00f3w (h1-h6)<\/li>\n\n\n\n<li>dokumenty pdf na stronie nie zawsze zawieraj\u0105 tytu\u0142: title, opis dokumentu: description, s\u0142owa kluczowe: keywords zapisane w metadanych pliku<\/li>\n\n\n\n<li>nie wszystkie linki zawieraj\u0105 odpowiedni atrybut okre\u015blaj\u0105cy ich przeznaczenie<\/li>\n\n\n\n<li>nie wszystkie elementy graficzne zapewniaj\u0105 odpowiedni kontrast z na\u0142o\u017conym tekstem<\/li>\n<\/ul>\n\n\n\n<h2 class=\"wp-block-heading\">Strona posiada nast\u0119puj\u0105ce u\u0142atwienia dla os\u00f3b z niepe\u0142nosprawno\u015bciami:<\/h2>\n\n\n\n<ul class=\"wp-block-list\">\n<li>mo\u017cliwo\u015b\u0107 powi\u0119kszania wielko\u015bci liter w tre\u015bci artyku\u0142\u00f3w na stronie<\/li>\n\n\n\n<li>mo\u017cliwo\u015b\u0107 wybrania stylu z podwy\u017cszonym kontrastem<\/li>\n\n\n\n<li>mo\u017cliwo\u015b\u0107 wybrania stylu czcionki przyjaznej dla dyslektyk\u00f3w<\/li>\n\n\n\n<li>mo\u017cliwo\u015b\u0107 przechodzenia mi\u0119dzy elementami strony za pomoc\u0105 klawisza TAB<\/li>\n\n\n\n<li>mo\u017cliwo\u015b\u0107 zwi\u0119kszenia odst\u0119pu pomi\u0119dzy tekstami<\/li>\n\n\n\n<li>mo\u017cliwo\u015b\u0107 pod\u015bwietlenia link\u00f3w<\/li>\n<\/ul>\n\n\n\n<p>Deklaracj\u0119 sporz\u0105dzono na podstawie narz\u0119dzi waliduj\u0105cych zgodno\u015b\u0107 strony ze standardami WCAG, &nbsp;narz\u0119dzi sprawdzaj\u0105cych tre\u015b\u0107 oraz na podstawie samooceny przeprowadzonej przez przeszkolonego pracownika MBP w Chrzanowie.<\/p>\n\n\n\n<p><strong>Data sporz\u0105dzenia deklaracji:<\/strong>&nbsp;23.06.2020<\/p>\n\n\n\n<p><strong>Data ostatniego przegl\u0105du aktualizacji Deklaracji:\u00a0<\/strong>27.03.2024<\/p>\n\n\n\n<p><strong>Skr\u00f3ty klawiaturowe:<br><\/strong>Na stronie internetowej mo\u017cna u\u017cywa\u0107 standardowych skr\u00f3t\u00f3w klawiaturowych przegl\u0105darki.<\/p>\n\n\n\n<p><strong>Informacje zwrotne i dane kontaktowe<\/strong><\/p>\n\n\n\n<p>Osoba do kontaktu w sprawie dost\u0119pno\u015bci: Katarzyna Kowalska<br>e-mail:&nbsp;<a href=\"&#109;&#x61;i&#x6c;&#x74;&#111;&#x3a;k&#107;&#x6f;&#119;&#x61;l&#115;&#x6b;a&#x40;m&#98;&#x70;&#46;&#x63;&#x68;&#114;&#x7a;a&#110;&#x6f;&#119;&#x2e;p&#108;\">&#x6b;&#107;o&#x77;&#97;l&#x73;&#107;a&#x40;&#109;b&#x70;&#46;c&#x68;&#x72;z&#x61;&#x6e;&#111;&#x77;&#x2e;&#112;&#x6c;<\/a>,&nbsp;<a href=\"&#x6d;&#97;i&#x6c;&#116;o&#x3a;&#x73;&#101;&#x6b;&#x72;&#101;t&#x61;&#114;i&#x61;&#x74;&#64;&#x6d;&#x62;&#112;&#46;&#x63;&#104;r&#x7a;&#x61;&#110;&#x6f;&#x77;&#46;p&#x6c;\">&#x73;&#101;k&#x72;&#101;&#116;&#x61;&#x72;&#105;a&#x74;&#64;m&#x62;&#x70;&#46;c&#x68;&#114;z&#x61;&#x6e;&#111;w&#x2e;&#112;l<\/a><br>tel. 32 763 27 52<br>tel. kom. 504 395 117<\/p>\n\n\n\n<p><strong>Procedura wnioskowo \u2013 skargowa:<\/strong><\/p>\n\n\n\n<p>Ka\u017cdy ma prawo do wyst\u0105pienia z \u017c\u0105daniem zapewnienia dost\u0119pno\u015bci cyfrowej strony internetowej lub jakiego\u015b jej elementu. Mo\u017cna tak\u017ce za\u017c\u0105da\u0107 udost\u0119pnienia informacji za pomoc\u0105 alternatywnego sposobu dost\u0119pu, na przyk\u0142ad przez odczytanie niedost\u0119pnego cyfrowo dokumentu, opisanie zawarto\u015bci filmu bez audiodeskrypcji itp. \u017b\u0105danie powinno zawiera\u0107 dane osoby zg\u0142aszaj\u0105cej \u017c\u0105danie, wskazanie, o kt\u00f3r\u0105 stron\u0119 internetow\u0105 chodzi oraz spos\u00f3b kontaktu. Je\u017celi osoba \u017c\u0105daj\u0105ca zg\u0142asza potrzeb\u0119 otrzymania informacji za pomoc\u0105 alternatywnego sposobu dost\u0119pu, powinna tak\u017ce okre\u015bli\u0107 dogodny dla niej spos\u00f3b przedstawienia tej informacji. \u017b\u0105danie zostanie zrealizowane niezw\u0142ocznie, nie p\u00f3\u017aniej ni\u017c w ci\u0105gu 7 dni od dnia wyst\u0105pienia z \u017c\u0105daniem. Je\u017celi dotrzymanie tego terminu nie jest mo\u017cliwe, wnosz\u0105cy \u017c\u0105danie zostanie niezw\u0142ocznie poinformowany, o tym kiedy realizacja \u017c\u0105dania b\u0119dzie mo\u017cliwa, przy czym termin ten nie mo\u017ce by\u0107 d\u0142u\u017cszy ni\u017c 2 miesi\u0105ce od dnia wyst\u0105pienia z \u017c\u0105daniem. Je\u017celi zapewnienie dost\u0119pno\u015bci cyfrowej nie b\u0119dzie mo\u017cliwe, wnosz\u0105cemu \u017c\u0105danie zostanie zaproponowany alternatywny spos\u00f3b dost\u0119pu do informacji. W przypadku odmowy realizacji \u017c\u0105dania zapewnienia dost\u0119pno\u015bci lub alternatywnego sposobu dost\u0119pu do informacji, wnosz\u0105cy \u017c\u0105danie mo\u017cne z\u0142o\u017cy\u0107 skarg\u0119 w sprawie zapewniana dost\u0119pno\u015bci cyfrowej strony internetowej lub jej elementu. Po wyczerpaniu wskazanej wy\u017cej procedury mo\u017cna tak\u017ce z\u0142o\u017cy\u0107 wniosek do Rzecznika Praw Obywatelskich pod adresem&nbsp;<a href=\"http:\/\/www.rpo.gov.pl\/\">www.rpo.gov.pl<\/a>.<\/p>\n\n\n\n<h2 class=\"wp-block-heading\">Dost\u0119pno\u015b\u0107 architektoniczna:<\/h2>\n\n\n\n<p><strong>W zakresie dost\u0119pno\u015bci architektonicznej:<\/strong><\/p>\n\n\n\n<h2 class=\"wp-block-heading\">Miejska Biblioteka Publiczna w Chrzanowie, ul. W\u0142adys\u0142awa Broniewskiego 10C, 32-500 Chrzan\u00f3w (Biblioteka G\u0142\u00f3wna):<\/h2>\n\n\n\n<ul class=\"wp-block-list\">\n<li>Budynek biblioteki g\u0142\u00f3wnej ma 2 kondygnacje. To nowoczesna przestrze\u0144 pozbawiona barier architektonicznych. Do wej\u015bcia do budynku prowadz\u0105 utwardzone doj\u015bcia o szeroko\u015bci minimalnej 1,5 m, przy czym co najmniej jedno doj\u015bcie zapewnia osobom ze szczeg\u00f3lnymi potrzebami dost\u0119p do ca\u0142ego budynku<\/li>\n\n\n\n<li>Po przekroczeniu wej\u015bcia g\u0142\u00f3wnego od strony boiska szkolnego wchodzi si\u0119 do obszernego holu. Szatnia znajduje si\u0119 na lewo od wej\u015bcia<\/li>\n\n\n\n<li>Budynek jest wyposa\u017cony w platform\u0119 dostosowan\u0105 do potrzeb os\u00f3b niepe\u0142nosprawnych z przyciskami oznaczonymi w j\u0119zyku Braille&#8217;a oraz pochylni\u0119, kt\u00f3ra umo\u017cliwia dostanie si\u0119 na I pi\u0119tro<\/li>\n\n\n\n<li>Na parterze budynku znajduje si\u0119 Informatorium, Oddzia\u0142 dla Dzieci, Wypo\u017cyczalnia oraz toalety, w tym jedna dostosowana do potrzeb os\u00f3b niepe\u0142nosprawnych<\/li>\n\n\n\n<li>Na I pi\u0119trze budynku znajduje si\u0119: Dzia\u0142 Czytel\u0144 i Multimedi\u00f3w z salk\u0105 projekcyjn\u0105, Dzia\u0142 Informacji Regionalnej, Dzia\u0142 Gromadzenia, Administracja, 2 sale konferencyjne oraz toalety<\/li>\n\n\n\n<li>Istnieje mo\u017cliwo\u015b\u0107 wprowadzenia psa przewodnika\/asystenta osoby niewidomej<\/li>\n\n\n\n<li>Stopnie schod\u00f3w s\u0105 oznaczone kontrastowo.<\/li>\n\n\n\n<li>W budynku biblioteki, Sali konferencyjnej znajduje si\u0119 p\u0119tla indukcyjna.<\/li>\n\n\n\n<li>Miejsca postojowe dla samochod\u00f3w osobowych, z kt\u00f3rych korzystaj\u0105 wy\u0142\u0105cznie osoby niepe\u0142nosprawne s\u0105 usytuowane po lewej stronie od wej\u015bcia do budynku biblioteki<\/li>\n<\/ul>\n\n\n\n<h2 class=\"wp-block-heading\">Filie:<\/h2>\n\n\n\n<p><strong>Filia os. Po\u0142udnie, ul. P\u0119ckowskiego 3, 32-500 Chrzan\u00f3w<\/strong><\/p>\n\n\n\n<ul class=\"wp-block-list\">\n<li>Do budynku prowadzi co najmniej jedno doj\u015bcie zapewniaj\u0105ce osobom ze szczeg\u00f3lnymi potrzebami dost\u0119p do biblioteki<\/li>\n\n\n\n<li>Stanowisko bibliotekarza, a zarazem obs\u0142ugi czytelnika znajduje si\u0119 w pomieszczeniu bibliotecznym (wypo\u017cyczalni) po lewej stronie wej\u015bcia<\/li>\n\n\n\n<li>Z wypo\u017cyczalni dostaniemy si\u0119 szerokim przej\u015bciem do oddzia\u0142u dla dzieci<\/li>\n\n\n\n<li>Przed budynkiem znajduje si\u0119 parking osiedlowy, na kt\u00f3rym mog\u0105 parkowa\u0107 osoby niepe\u0142nosprawne<\/li>\n\n\n\n<li>Istnieje mo\u017cliwo\u015b\u0107 wprowadzenia psa przewodnika\/asystenta osoby niewidomej<\/li>\n\n\n\n<li>W bibliotece nie ma p\u0119tli indukcyjnych oraz oznacze\u0144 w alfabecie Braille&#8217;a ani oznacze\u0144 kontrastowych lub w druku powi\u0119kszonym dla os\u00f3b niewidomych i s\u0142abowidz\u0105cych<\/li>\n\n\n\n<li>Do Filii os. Po\u0142udnie przy ul. P\u0119ckowskiego 3 mo\u017cna dojecha\u0107 korzystaj\u0105c z linii autobusowej numer 17a oraz 31 z przystanku Dworzec ZKKM przy<br>ul. Kusoci\u0144skiego. Odleg\u0142o\u015b\u0107 od najbli\u017cszego przystanku autobusowego wynosi oko\u0142o 250 metr\u00f3w.<br>Rozk\u0142ad jazdy Zwi\u0105zku Komunalnego Komunikacji Mi\u0119dzygminnej znajduje si\u0119 na stronie:<a href=\"http:\/\/www.zkkm.pl\/rozklady\" target=\"_blank\" rel=\"noreferrer noopener\">www.zkkm.pl\/rozklady<\/a><\/li>\n<\/ul>\n\n\n\n<p><strong>Filia os. K\u0105ty, ul. \u015al\u0105ska 68B, 32-500 Chrzan\u00f3w<\/strong><\/p>\n\n\n\n<ul class=\"wp-block-list\">\n<li>Filia os. K\u0105ty mie\u015bci si\u0119 w budynku przyko\u015bcielnym w parterowej jego cz\u0119\u015bci<\/li>\n\n\n\n<li>Wej\u015bcie do biblioteki znajduje si\u0119 po lewej stronie budynku<\/li>\n\n\n\n<li>Obok budynku usytuowany jest og\u00f3lnodost\u0119pny, kilkustanowiskowy, przyko\u015bcielny parking<\/li>\n\n\n\n<li>W budynku nie ma oznacze\u0144 w alfabecie Braille&#8217;a ani oznacze\u0144 kontrastowych lub w druku powi\u0119kszonym dla os\u00f3b niewidomych i s\u0142abowidz\u0105cych<\/li>\n\n\n\n<li>Do Filii os. K\u0105ty przy ul. \u015al\u0105skiej 68B mo\u017cna dojecha\u0107 korzystaj\u0105c z linii autobusowej numer 33 oraz A z przystanku Dworzec ZKKM przy<br>ul. Kusoci\u0144skiego. Odleg\u0142o\u015b\u0107 od najbli\u017cszego przystanku autobusowego wynosi oko\u0142o 20 metr\u00f3w.<br>Rozk\u0142ad jazdy Zwi\u0105zku Komunalnego Komunikacji Mi\u0119dzygminnej znajduje si\u0119 na stronie:<a rel=\"noreferrer noopener\" href=\"http:\/\/www.zkkm.pl\/rozklady\" target=\"_blank\">www.zkkm.pl\/rozklady<\/a> oraz Przedsi\u0119biorstwa Komunikacji Mi\u0119dzygminnej na stronie:<a rel=\"noreferrer noopener\" href=\"http:\/\/www.pkm.jaworzno.pl\/www\" target=\"_blank\">www.pkm.jaworzno.pl\/www<\/a><\/li>\n<\/ul>\n\n\n\n<p><strong>Filia w Balinie, ul. Jaworznicka 45, 32-500 Chrzan\u00f3w<\/strong><\/p>\n\n\n\n<ul class=\"wp-block-list\">\n<li>Do budynku prowadzi jedno wej\u015bcie po schodach po lewj stronie od strony drogi<\/li>\n\n\n\n<li>Za budynkiem znajduje si\u0119 parking, na kt\u00f3rym mog\u0105 parkowa\u0107 osoby ze szczeg\u00f3lnymi potrzebami<\/li>\n\n\n\n<li>Istnieje mo\u017cliwo\u015b\u0107 wprowadzenia psa przewodnika\/asystenta osoby niewidomej<\/li>\n\n\n\n<li>W bibliotece nie ma p\u0119tli indukcyjnych oraz oznacze\u0144 w alfabecie Braille&#8217;a ani oznacze\u0144 kontrastowych lub w druku powi\u0119kszonym dla os\u00f3b niewidomych i s\u0142abowidz\u0105cych<\/li>\n\n\n\n<li>Do Filii Balin przy ul. Jaworznickiej 45 mo\u017cna dojecha\u0107 korzystaj\u0105c z linii autobusowej numer 319 oraz 29 z przystanku Dworzec ZKKM przy<br>ul. Kusoci\u0144skiego. Odleg\u0142o\u015b\u0107 od najbli\u017cszego przystanku autobusowego wynosi oko\u0142o 120 metr\u00f3w.<br>Rozk\u0142ad jazdy Zwi\u0105zku Komunalnego Komunikacji Mi\u0119dzygminnej znajduje si\u0119 na stronie:<a href=\"http:\/\/www.zkkm.pl\/rozklady\" target=\"_blank\" rel=\"noreferrer noopener\">www.zkkm.pl\/rozklady<\/a>oraz Przedsi\u0119biorstwa Komunikacji Mi\u0119dzygminnej na stronie:<a href=\"http:\/\/www.pkm.jaworzno.pl\/www\" target=\"_blank\" rel=\"noreferrer noopener\">www.pkm.jaworzno.pl\/<\/a><\/li>\n<\/ul>\n\n\n\n<p><strong>Filia w Luszowicach, ul. Przybyszewskiego 6, 32-500 Chrzan\u00f3w<\/strong><\/p>\n\n\n\n<ul class=\"wp-block-list\">\n<li>Filia biblioteki mie\u015bci si\u0119 w budynku Szko\u0142y Podstawowej im. Kr\u00f3la W\u0142adys\u0142awa Jagie\u0142\u0142y w Luszowicach<\/li>\n\n\n\n<li>Miejsce obs\u0142ugi czytelnika znajduje si\u0119 po prawej stronie od wej\u015bcia<\/li>\n\n\n\n<li>Z wypo\u017cyczalni szerokim przej\u015bciem dostaniemy si\u0119 do Sali Regionalnej, w kt\u00f3rej odbywaj\u0105 si\u0119 liczne spotkania i wernisa\u017ce<\/li>\n\n\n\n<li>Za budynkiem znajduje przy szkolny szeroki parking, na kt\u00f3rym mog\u0105 parkowa\u0107 osoby niepe\u0142nosprawne. Do budynku i wszystkich jego pomieszcze\u0144 mo\u017cna wej\u015b\u0107 z psem asystuj\u0105cym i psem przewodnikiem<\/li>\n\n\n\n<li>W bibliotece nie ma p\u0119tli indukcyjnych<\/li>\n\n\n\n<li>Do Filii w Luszowicach przy ul. Przybyszewskiego 6 mo\u017cna dojecha\u0107 korzystaj\u0105c z linii autobusowej numer 10 z przystanku Dworzec ZKKM przy<br>ul. Kusoci\u0144skiego. Odleg\u0142o\u015b\u0107 od najbli\u017cszego przystanku autobusowego wynosi oko\u0142o 350 metr\u00f3w.<br>Rozk\u0142ad jazdy Zwi\u0105zku Komunalnego Komunikacji Mi\u0119dzygminnej znajduje si\u0119 na stronie:<a href=\"http:\/\/www.zkkm.pl\/rozklady\" target=\"_blank\" rel=\"noreferrer noopener\">www.zkkm.pl\/rozklady<\/a><\/li>\n<\/ul>\n\n\n\n<p><strong>Filia w P\u0142azie, ul. Pocztowa 2, 32-552 P\u0142aza<\/strong><\/p>\n\n\n\n<ul class=\"wp-block-list\">\n<li>Biblioteka mie\u015bci si\u0119 w trzykondygnacyjnym budynku. To nowoczesna przestrze\u0144 pozbawiona barier architektonicznych. Do budynku prowadzi jedno wej\u015bcie od strony drogi, do kt\u00f3rego mo\u017cna si\u0119 dosta\u0107 schodami jak r\u00f3wnie\u017c platform\u0105 dla niepe\u0142nosprawnych<\/li>\n\n\n\n<li>Na parterze znajduje Oddzia\u0142 dla dzieci. Punkt obs\u0142ugi ma\u0142ego czytelnika znajduje si\u0119 na wprost od wej\u015bcia. Wypo\u017cyczalnia g\u0142\u00f3wna zlokalizowana jest na I pi\u0119trze, na kt\u00f3re mo\u017cna dosta\u0107 si\u0119 platform\u0105 oraz schodami. Na II pi\u0119trze umiejscowiona jest sala konferencyjna \u201ePrzy Kominie\u201d, w kt\u00f3rej odbywaj\u0105 si\u0119 liczne spotkania i wernisa\u017ce<\/li>\n\n\n\n<li>W budynku s\u0105 dwie toalety przystosowane dla os\u00f3b niepe\u0142nosprawnych z odpowiednio zainstalowanymi misami ust\u0119powymi, umywalkami oraz uchwytami u\u0142atwiaj\u0105cymi korzystanie z urz\u0105dze\u0144 higieniczno-sanitarnych<\/li>\n\n\n\n<li>Za budynkiem po lewej stronie znajduje si\u0119 oznaczony parking na 2 miejsca, na kt\u00f3rym mog\u0105 parkowa\u0107 osoby niepe\u0142nosprawne<\/li>\n\n\n\n<li>Do budynku mo\u017cna wej\u015b\u0107 z psem asystuj\u0105cym lub psem przewodnikiem. Stopnie schod\u00f3w s\u0105 oznaczone kontrastowo<\/li>\n\n\n\n<li>Do Filii w P\u0142azie przy ul. Pocztowej 2 mo\u017cna dojecha\u0107 korzystaj\u0105c z linii autobusowej numer 17a, 32a z przystanku Dworzec ZKKM przy<br>ul. Kusoci\u0144skiego. Odleg\u0142o\u015b\u0107 od najbli\u017cszego przystanku autobusowego wynosi oko\u0142o 70 metr\u00f3w.<br>Rozk\u0142ad jazdy Zwi\u0105zku Komunalnego Komunikacji Mi\u0119dzygminnej znajduje si\u0119 na stronie:<a href=\"http:\/\/www.zkkm.pl\/rozklady\" target=\"_blank\" rel=\"noreferrer noopener\">www.zkkm.pl\/rozklady<\/a><\/li>\n<\/ul>\n\n\n\n<p><strong>Filia w Pogorzycach, ul. Szymanowskiego 47A\/7, 32-501 Pogorzyce<\/strong><\/p>\n\n\n\n<ul class=\"wp-block-list\">\n<li>Budynek biblioteki mie\u015bcie si\u0119 w nowoczesnym dwukondygnacyjnym budynku pozbawionym bar architektonicznych<\/li>\n\n\n\n<li>Biblioteka mie\u015bci si\u0119 na I pi\u0119trze<\/li>\n\n\n\n<li>Stanowisko bibliotekarza, a zarazem obs\u0142ugi czytelnika znajduje si\u0119 po prawej stronie od wej\u015bcia do biblioteki<\/li>\n\n\n\n<li>Budynek wyposa\u017cony jest w platform\u0119 dla os\u00f3b niepe\u0142nosprawnych z przyciskami oznaczonymi w j\u0119zyku Braille&#8217;a<\/li>\n\n\n\n<li>Istnieje mo\u017cliwo\u015b\u0107 wprowadzenia psa przewodnika\/asystenta osoby niewidomej<\/li>\n\n\n\n<li>Na parkingu przed budynkiem znajduj\u0105 si\u0119 2 oznakowane miejsca parkingowe przeznaczone dla os\u00f3b niepe\u0142nosprawnych<\/li>\n\n\n\n<li>W budynku s\u0105 dwie toalety przystosowane dla os\u00f3b niepe\u0142nosprawnych z odpowiednio zainstalowanymi misami ust\u0119powymi, umywalkami oraz uchwytami u\u0142atwiaj\u0105cymi korzystanie z urz\u0105dze\u0144 higieniczno-sanitarnych<\/li>\n\n\n\n<li>Do filii w Pogorzycach przy ul. Szymanowskiego 47A\/7 mo\u017cna dojecha\u0107 korzystaj\u0105c z linii autobusowej numer 17b, 32a, 32b z przystanku Dworzec ZKKM przy ul. Kusoci\u0144skiego. Odleg\u0142o\u015b\u0107 od najbli\u017cszego przystanku autobusowego wynosi oko\u0142o 100 metr\u00f3w.<br>Rozk\u0142ad jazdy Zwi\u0105zku Komunalnego Komunikacji Mi\u0119dzygminnej znajduje si\u0119 na stronie:<a href=\"http:\/\/www.zkkm.pl\/rozklady\" target=\"_blank\" rel=\"noreferrer noopener\">www.zkkm.pl\/rozklady<\/a><\/li>\n<\/ul>\n\n\n\n<p><strong><strong>Punkt biblioteczny, ul. Dworska 5, 32-500 Chrzan\u00f3w<\/strong><\/strong><\/p>\n\n\n\n<ul class=\"wp-block-list\">\n<li>Punkt biblioteczny mie\u015bci si\u0119 w budynku Szko\u0142y Podstawowej Nr 6 im. Jana Paw\u0142a II<\/li>\n\n\n\n<li>Wej\u015bcie do biblioteki znajduje si\u0119 w tylnej cz\u0119\u015bci szko\u0142y, do kt\u00f3rej prowadz\u0105 schody wyposa\u017cone w platform\u0119 dla os\u00f3b niepe\u0142nosprawnych<\/li>\n\n\n\n<li>Punkt biblioteczny znajduje si\u0119 po lewej stronie od wej\u015bcia do budynku<\/li>\n\n\n\n<li>Stanowisko bibliotekarza, a zarazem obs\u0142ugi czytelnika znajduje si\u0119 po lewej stronie od wej\u015bcia do biblioteki<\/li>\n\n\n\n<li>W budynku nie ma oznacze\u0144 w alfabecie Braille&#8217;a ani oznacze\u0144 kontrastowych lub w druku powi\u0119kszonym dla os\u00f3b niewidomych i s\u0142abowidz\u0105cych<\/li>\n\n\n\n<li>Do Punktu bibliotecznego przy ul. Dworskiej 5 mo\u017cna dojecha\u0107 korzystaj\u0105c z linii autobusowej numer 17a, 31, 32b z przystanku Dworzec ZKKM przy ul. Kusoci\u0144skiego. Odleg\u0142o\u015b\u0107 od najbli\u017cszego przystanku autobuso<\/li>\n<\/ul>\n\n\n\n<h2 class=\"wp-block-heading\">W zakresie dost\u0119pno\u015bci informacyjno-komunikacyjnej:<\/h2>\n\n\n\n<ul class=\"wp-block-list\">\n<li>Wszyscy pracownicy pierwszego kontaktu zostali przeszkoleni z zasad obs\u0142ugi klienta ze szczeg\u00f3lnymi potrzebami<\/li>\n<\/ul>\n\n\n\n<h3 class=\"wp-block-heading\"><a href=\"http:\/\/pogorzyce.chrzanow.pl\/wp-content\/uploads\/2022\/12\/Raport-o-stanie-zapewnienia-dostenosci-podmiotu-publicznego.pdf\" target=\"_blank\" rel=\"noreferrer noopener\">Raport o stanie zapewnienia dost\u0119no\u015bci podmiotu publicznego (PDF, 106KB)<\/a><\/h3>\n","protected":false},"excerpt":{"rendered":"<p>Witamy na stronie Miejskiej Biblioteki Publicznej w Chrzanowie. Biblioteka jest zlokalizowana w bardzo dobrym punkcie komunikacyjnym miasta i wpisuje si\u0119 w przestrze\u0144 urbanistyczn\u0105 i otaczaj\u0105cy krajobraz z korzy\u015bci\u0105 dla okolicznych mieszka\u0144c\u00f3w Osiedla P\u00f3\u0142noc-Tysi\u0105clecie. W Bibliotece ka\u017cda osoba jest mile widzianym go\u015bciem, dlatego staramy si\u0119, aby nasze dzia\u0142ania by\u0142y dost\u0119pne dla wszystkich, r\u00f3wnie\u017c dla os\u00f3b ze [&hellip;]<\/p>\n","protected":false},"author":4,"featured_media":0,"parent":0,"menu_order":0,"comment_status":"closed","ping_status":"closed","template":"","meta":{"footnotes":""},"class_list":["post-452","page","type-page","status-publish","hentry"],"_links":{"self":[{"href":"http:\/\/pogorzyce.chrzanow.pl\/index.php\/wp-json\/wp\/v2\/pages\/452","targetHints":{"allow":["GET"]}}],"collection":[{"href":"http:\/\/pogorzyce.chrzanow.pl\/index.php\/wp-json\/wp\/v2\/pages"}],"about":[{"href":"http:\/\/pogorzyce.chrzanow.pl\/index.php\/wp-json\/wp\/v2\/types\/page"}],"author":[{"embeddable":true,"href":"http:\/\/pogorzyce.chrzanow.pl\/index.php\/wp-json\/wp\/v2\/users\/4"}],"replies":[{"embeddable":true,"href":"http:\/\/pogorzyce.chrzanow.pl\/index.php\/wp-json\/wp\/v2\/comments?post=452"}],"version-history":[{"count":4,"href":"http:\/\/pogorzyce.chrzanow.pl\/index.php\/wp-json\/wp\/v2\/pages\/452\/revisions"}],"predecessor-version":[{"id":481,"href":"http:\/\/pogorzyce.chrzanow.pl\/index.php\/wp-json\/wp\/v2\/pages\/452\/revisions\/481"}],"wp:attachment":[{"href":"http:\/\/pogorzyce.chrzanow.pl\/index.php\/wp-json\/wp\/v2\/media?parent=452"}],"curies":[{"name":"wp","href":"https:\/\/api.w.org\/{rel}","templated":true}]}}