{"id":299,"date":"2020-03-26T13:36:52","date_gmt":"2020-03-26T12:36:52","guid":{"rendered":"http:\/\/pogorzyce.chrzanow.pl\/?page_id=299"},"modified":"2020-03-26T13:36:52","modified_gmt":"2020-03-26T12:36:52","slug":"komunikat","status":"publish","type":"page","link":"http:\/\/pogorzyce.chrzanow.pl\/index.php\/komunikat\/","title":{"rendered":"KOMUNIKAT"},"content":{"rendered":"\n<p>Szanowni Pa\u0144stwo,<br>w zwi\u0105zku z utrzymuj\u0105cym si\u0119 zagro\u017ceniem zwi\u0105zanym z koronawirusem informujemy, \u017ce&nbsp;&nbsp;<\/p>\n\n\n\n<p><strong>Miejska Biblioteka Publiczna w Chrzanowie, <\/strong>ul. Broniewskiego 10 C<\/p>\n\n\n\n<p>oraz wszystkie filie<\/p>\n\n\n\n<p><strong>Filia os. Po\u0142udnie, <\/strong>ul. P\u0119ckowskiego 3<\/p>\n\n\n\n<p><strong>Filia os. K\u0105ty, <\/strong>ul. \u015al\u0105ska 68 b<\/p>\n\n\n\n<p><strong>Filia w Balinie, <\/strong>ul Jaworznicka 45<\/p>\n\n\n\n<p><strong>Filia w P\u0142azie, <\/strong>ul. Pocztowa 2<\/p>\n\n\n\n<p><strong>Filia w Luszowicach, <\/strong>ul. Przybyszewskiego 6<\/p>\n\n\n\n<p><strong>Filia w Pogorzycach, <\/strong>ul. Szymanowskiego 21<\/p>\n\n\n\n<p><strong>Punkt Biblioteczny, <\/strong>ul. Dworska 5 <\/p>\n\n\n\n<p><strong>Punkt Informacji Turystycznej, <\/strong>Al. Henryka 40<\/p>\n\n\n\n<p><strong>pozostaj\u0105 zamkni\u0119te do <\/strong><strong>odwo\u0142ania<br><\/strong><\/p>\n\n\n\n<p><br>Termin zwrotu wszystkich wypo\u017cyczonych przez Czytelnik\u00f3w zbior\u00f3w zosta\u0142 automatycznie przed\u0142u\u017cony.<br><br><\/p>\n\n\n\n<p><strong>Op\u0142aty za nieterminowy zwrot<\/strong><strong>nie b\u0119d\u0105 naliczane.<br><\/strong><\/p>\n\n\n\n<p><br>O wszelkich zmianach w zaistnia\u0142ej sytuacji b\u0119dziemy Pa\u0144stwa informowa\u0107 na bie\u017c\u0105co. Prosimy \u015bledzi\u0107 nasze kana\u0142y informacyjne.<\/p>\n","protected":false},"excerpt":{"rendered":"<p>Szanowni Pa\u0144stwo,w zwi\u0105zku z utrzymuj\u0105cym si\u0119 zagro\u017ceniem zwi\u0105zanym z koronawirusem informujemy, \u017ce&nbsp;&nbsp; Miejska Biblioteka Publiczna w Chrzanowie, ul. Broniewskiego 10 C oraz wszystkie filie Filia os. Po\u0142udnie, ul. P\u0119ckowskiego 3 Filia os. K\u0105ty, ul. \u015al\u0105ska 68 b Filia w Balinie, ul Jaworznicka 45 Filia w P\u0142azie, ul. Pocztowa 2 Filia w Luszowicach, ul. Przybyszewskiego 6 [&hellip;]<\/p>\n","protected":false},"author":4,"featured_media":0,"parent":0,"menu_order":0,"comment_status":"closed","ping_status":"closed","template":"","meta":{"footnotes":""},"class_list":["post-299","page","type-page","status-publish","hentry"],"_links":{"self":[{"href":"http:\/\/pogorzyce.chrzanow.pl\/index.php\/wp-json\/wp\/v2\/pages\/299","targetHints":{"allow":["GET"]}}],"collection":[{"href":"http:\/\/pogorzyce.chrzanow.pl\/index.php\/wp-json\/wp\/v2\/pages"}],"about":[{"href":"http:\/\/pogorzyce.chrzanow.pl\/index.php\/wp-json\/wp\/v2\/types\/page"}],"author":[{"embeddable":true,"href":"http:\/\/pogorzyce.chrzanow.pl\/index.php\/wp-json\/wp\/v2\/users\/4"}],"replies":[{"embeddable":true,"href":"http:\/\/pogorzyce.chrzanow.pl\/index.php\/wp-json\/wp\/v2\/comments?post=299"}],"version-history":[{"count":1,"href":"http:\/\/pogorzyce.chrzanow.pl\/index.php\/wp-json\/wp\/v2\/pages\/299\/revisions"}],"predecessor-version":[{"id":300,"href":"http:\/\/pogorzyce.chrzanow.pl\/index.php\/wp-json\/wp\/v2\/pages\/299\/revisions\/300"}],"wp:attachment":[{"href":"http:\/\/pogorzyce.chrzanow.pl\/index.php\/wp-json\/wp\/v2\/media?parent=299"}],"curies":[{"name":"wp","href":"https:\/\/api.w.org\/{rel}","templated":true}]}}