{"id":248,"date":"2019-04-08T10:32:18","date_gmt":"2019-04-08T08:32:18","guid":{"rendered":"http:\/\/www.plaza24.eu\/pogorzyce_wp\/?page_id=248"},"modified":"2019-04-08T10:44:11","modified_gmt":"2019-04-08T08:44:11","slug":"pogorzycanki","status":"publish","type":"page","link":"http:\/\/pogorzyce.chrzanow.pl\/index.php\/pogorzycanki\/","title":{"rendered":"Pogorzycanki"},"content":{"rendered":"\n<p>Ko\u0142o Gospody\u0144 Wiejskich w Pogorzycach istnieje ju\u017c przesz\u0142o 50 lat.<\/p>\n\n\n\n<p>W 1998r. Cztery Ko\u0142a Gospody\u0144 Wiejskich z Gminy Chrzan\u00f3w tj KGW z Pogorzyc, P\u0142azy, Luszowic i z Balina postanowi\u0142y\u015bmy za\u0142o\u017cy\u0107 Chrzanowskie Stowarzyszenie Folklorystyczne. Celem Stowarzyszenia jest dokumentowanie i propagowanie folkloru Ziemi Chrzanowskiej. Zespo\u0142y \u015bpiewaczo \u2013 obrz\u0119dowe zrzeszone w Stowarzyszeniu popularyzuj\u0105 w \u015brodowisku chrzanowskim przy\u015bpiewki i piosenki ludowe oraz obrz\u0119dy i zwyczaje ludowe. Grupy uczestnicz\u0105 w przegl\u0105dach i konkursach folklorystycznych o zasi\u0119gu gminnym i powiatowym, wojew\u00f3dzkim i og\u00f3lnopolskim.<\/p>\n","protected":false},"excerpt":{"rendered":"<p>Ko\u0142o Gospody\u0144 Wiejskich w Pogorzycach istnieje ju\u017c przesz\u0142o 50 lat. W 1998r. Cztery Ko\u0142a Gospody\u0144 Wiejskich z Gminy Chrzan\u00f3w tj KGW z Pogorzyc, P\u0142azy, Luszowic i z Balina postanowi\u0142y\u015bmy za\u0142o\u017cy\u0107 Chrzanowskie Stowarzyszenie Folklorystyczne. Celem Stowarzyszenia jest dokumentowanie i propagowanie folkloru Ziemi Chrzanowskiej. Zespo\u0142y \u015bpiewaczo \u2013 obrz\u0119dowe zrzeszone w Stowarzyszeniu popularyzuj\u0105 w \u015brodowisku chrzanowskim przy\u015bpiewki i [&hellip;]<\/p>\n","protected":false},"author":4,"featured_media":0,"parent":0,"menu_order":0,"comment_status":"closed","ping_status":"closed","template":"","meta":{"footnotes":""},"class_list":["post-248","page","type-page","status-publish","hentry"],"_links":{"self":[{"href":"http:\/\/pogorzyce.chrzanow.pl\/index.php\/wp-json\/wp\/v2\/pages\/248","targetHints":{"allow":["GET"]}}],"collection":[{"href":"http:\/\/pogorzyce.chrzanow.pl\/index.php\/wp-json\/wp\/v2\/pages"}],"about":[{"href":"http:\/\/pogorzyce.chrzanow.pl\/index.php\/wp-json\/wp\/v2\/types\/page"}],"author":[{"embeddable":true,"href":"http:\/\/pogorzyce.chrzanow.pl\/index.php\/wp-json\/wp\/v2\/users\/4"}],"replies":[{"embeddable":true,"href":"http:\/\/pogorzyce.chrzanow.pl\/index.php\/wp-json\/wp\/v2\/comments?post=248"}],"version-history":[{"count":2,"href":"http:\/\/pogorzyce.chrzanow.pl\/index.php\/wp-json\/wp\/v2\/pages\/248\/revisions"}],"predecessor-version":[{"id":254,"href":"http:\/\/pogorzyce.chrzanow.pl\/index.php\/wp-json\/wp\/v2\/pages\/248\/revisions\/254"}],"wp:attachment":[{"href":"http:\/\/pogorzyce.chrzanow.pl\/index.php\/wp-json\/wp\/v2\/media?parent=248"}],"curies":[{"name":"wp","href":"https:\/\/api.w.org\/{rel}","templated":true}]}}