{"id":188,"date":"2019-04-08T09:44:29","date_gmt":"2019-04-08T07:44:29","guid":{"rendered":"http:\/\/www.plaza24.eu\/pogorzyce_wp\/?page_id=188"},"modified":"2019-04-08T09:51:19","modified_gmt":"2019-04-08T07:51:19","slug":"kapliczka-przy-skrzyzowaniu-ul-szymanowskiego-i-ul-dymnej","status":"publish","type":"page","link":"http:\/\/pogorzyce.chrzanow.pl\/index.php\/kapliczka-przy-skrzyzowaniu-ul-szymanowskiego-i-ul-dymnej\/","title":{"rendered":"Kapliczka przy skrzy\u017cowaniu ul. Szymanowskiego i ul. Dymnej"},"content":{"rendered":"\n<p>Krzy\u017c znajduje si\u0119 w centrum wsi, po prawej stronie drogi prowadz\u0105cej do P\u0142azy. Wed\u0142ug przekazu ustnego krzy\u017c jest starszy od kapliczek i zosta\u0142 postawiony z inicjatywy so\u0142tysa \u0141adochy ok. 1800 roku. W\u00f3wczas Pogorzyce nale\u017ca\u0142y do parafii w Ko\u015bcielcu- do\u015b\u0107 odleg\u0142ej, a do ko\u015bcio\u0142a trzeba by\u0142o i\u015b\u0107 przez las. Chodzi\u0142o wi\u0119c o stworzenie mieszka\u0144com wsi miejsca, gdzie mogliby si\u0119 wsp\u00f3lnie modli\u0107.<br>\nNa kamienny, pobielonym postumencie o wysoko\u015bci ok. 1 metra  umocowany jest prawie dwumetrowy , metalowy krzy\u017c. Na nim znajduje si\u0119 figura Chrystusa Ukrzy\u017cowanego -tak\u017ce metalowa. Krzy\u017c i najbli\u017csze otoczenie s\u0105 zadbane i cz\u0119sto dekorowane kwiatami. Ogrodzony jest niskim, metalowym p\u0142otkiem. Wed\u0142ug informacji osoby opiekuj\u0105cej si\u0119 krzy\u017cem, na postumencie widoczna by\u0142a dawniej data jego powstania, ale kolejne bielenia doprowadzi\u0142y do jej zatarcia.<\/p>\n","protected":false},"excerpt":{"rendered":"<p>Krzy\u017c znajduje si\u0119 w centrum wsi, po prawej stronie drogi prowadz\u0105cej do P\u0142azy. Wed\u0142ug przekazu ustnego krzy\u017c jest starszy od kapliczek i zosta\u0142 postawiony z inicjatywy so\u0142tysa \u0141adochy ok. 1800 roku. W\u00f3wczas Pogorzyce nale\u017ca\u0142y do parafii w Ko\u015bcielcu- do\u015b\u0107 odleg\u0142ej, a do ko\u015bcio\u0142a trzeba by\u0142o i\u015b\u0107 przez las. Chodzi\u0142o wi\u0119c o stworzenie mieszka\u0144com wsi miejsca, [&hellip;]<\/p>\n","protected":false},"author":4,"featured_media":0,"parent":0,"menu_order":0,"comment_status":"closed","ping_status":"closed","template":"","meta":{"footnotes":""},"class_list":["post-188","page","type-page","status-publish","hentry"],"_links":{"self":[{"href":"http:\/\/pogorzyce.chrzanow.pl\/index.php\/wp-json\/wp\/v2\/pages\/188","targetHints":{"allow":["GET"]}}],"collection":[{"href":"http:\/\/pogorzyce.chrzanow.pl\/index.php\/wp-json\/wp\/v2\/pages"}],"about":[{"href":"http:\/\/pogorzyce.chrzanow.pl\/index.php\/wp-json\/wp\/v2\/types\/page"}],"author":[{"embeddable":true,"href":"http:\/\/pogorzyce.chrzanow.pl\/index.php\/wp-json\/wp\/v2\/users\/4"}],"replies":[{"embeddable":true,"href":"http:\/\/pogorzyce.chrzanow.pl\/index.php\/wp-json\/wp\/v2\/comments?post=188"}],"version-history":[{"count":2,"href":"http:\/\/pogorzyce.chrzanow.pl\/index.php\/wp-json\/wp\/v2\/pages\/188\/revisions"}],"predecessor-version":[{"id":220,"href":"http:\/\/pogorzyce.chrzanow.pl\/index.php\/wp-json\/wp\/v2\/pages\/188\/revisions\/220"}],"wp:attachment":[{"href":"http:\/\/pogorzyce.chrzanow.pl\/index.php\/wp-json\/wp\/v2\/media?parent=188"}],"curies":[{"name":"wp","href":"https:\/\/api.w.org\/{rel}","templated":true}]}}