{"id":183,"date":"2019-04-08T09:44:29","date_gmt":"2019-04-08T07:44:29","guid":{"rendered":"http:\/\/www.plaza24.eu\/pogorzyce_wp\/?page_id=183"},"modified":"2019-04-08T09:48:05","modified_gmt":"2019-04-08T07:48:05","slug":"miejscowosc","status":"publish","type":"page","link":"http:\/\/pogorzyce.chrzanow.pl\/index.php\/miejscowosc\/","title":{"rendered":"Miejscowo\u015b\u0107"},"content":{"rendered":"\n<p>Na po\u0142udnie od Ko\u015bcielca, mi\u0119dzy nim a Lipowcem, na rozleg\u0142ym wzg\u00f3rzu (368 m), leg\u0142a wie\u015b Pogorzyce, do parafii ko\u015bcieleckiej nale\u017c\u0105ca. W 1490 r. dziedzicem tej wsi, oraz Koscielca i Brzezia (pow. krakowski, na p\u0142n-wsch. od Zabierzowa) by\u0142 Stefan Pog\u00f3rski, kt\u00f3ry z Fryderykiem, kardyna\u0142em i biskupem krakowskim (1488-1503) rozpocz\u0105\u0142 sp\u00f3r, napad\u0142szy na wie\u015b biskupi\u0105 Jemielino, a\u017c sejm w Piotrkowie nakaza\u0142 owemu \u015bmia\u0142kowi wieczne milczenie z powodu urz\u0105dzonych gwa\u0142t\u00f3w. W r. 1581 Pogorzyce dziedziczy\u0142 powy\u017cej wspomniany Jak\u00f3b Be\u0142kacki; by\u0142o wtedy tu 3 \u0142any kmiece, 3 zagrodnik\u00f3w z rol\u0105 i 1 komornik bez byd\u0142a. Z ko\u0144cem wieku XVIII dziedzicem Pogorzyc by\u0142 J\u00f3zef Borz\u0119cki, zmar\u0142yu 26 pa\u017adziernika r. 1799.<\/p>\n\n\n\n<p>Powiat chrzanowski w w. ks. krakowskiem: monografia historyczno-geograficvzna, St. Polaczek, Krak\u00f3w 1914, s. 234.<\/p>\n\n\n\n<div class=\"wp-block-image\"><figure class=\"aligncenter\"><img loading=\"lazy\" decoding=\"async\" width=\"429\" height=\"640\" src=\"http:\/\/www.plaza24.eu\/pogorzyce_wp\/wp-content\/uploads\/2019\/04\/001.jpg\" alt=\"\" class=\"wp-image-214\" srcset=\"http:\/\/pogorzyce.chrzanow.pl\/wp-content\/uploads\/2019\/04\/001.jpg 429w, http:\/\/pogorzyce.chrzanow.pl\/wp-content\/uploads\/2019\/04\/001-201x300.jpg 201w\" sizes=\"auto, (max-width: 429px) 100vw, 429px\" \/><\/figure><\/div>\n\n\n\n<p>Pogorzyce z Borowcem i i \u0179rebiem, wie\u015b, powiat chrzanowski, sk\u0142ada si\u0119 z trzech osad, po\u0142o\u017conych w okolicy pag\u00f3rkowatej i piaszczystej, pokrytej lasami, odleg\u0142o\u015b\u0107 5 kilometr\u00f3w na po\u0142udniowy wsch\u00f3d od Chrzanowa. Z tych osad: Pogorzyce licz\u0105 53 domy i 336 mieszka\u0144c\u00f3w, Borowiec 21 dom\u00f3w i 140 mieszka\u0144c\u00f3w, a \u0179rebie 12 dom\u00f3w i 88 mieszka\u0144c\u00f3w. Wraz z obszarem wi\u0119kszo\u015b\u0107 posesji jest 88 dom\u00f3w i 573 mieszka\u0144c\u00f3w (292 m\u0119\u017cczyzn i 281 kobiet), 563 rzymskokatolicka, 10 izraelska. We wsi znajduje si\u0119 kaplica, w kt\u00f3rej cztery razy do roku odprawia si\u0119 nabo\u017ce\u0144stwo; kopalnie galmanu Gustawa Kramsta spadkobierc\u00f3w. Parafia rzymskokatolicka w Ko\u015bcielcu \u015al\u0105skim. Z obszaru 1500 m\u00f3rg przypada na wi\u0119kszo\u015b\u0107 posesji 1140 m\u00f3rg (274 m\u00f3rg roli, 40 m\u00f3rg \u0142\u0105k i ogrod\u00f3w, 63 m\u00f3rg pastwisk i 763 m\u00f3rgi lasu); posesje mniejsze 360 m\u00f3rg (267 m\u00f3rg roli, 15 \u0142\u0105k, 74 pastwiska i 4 lasu). Pogorzyce granicz\u0105 na p\u00f3\u0142noc z Pi\u0142\u0105 i Ko\u015bcielcem, na wsch\u00f3d z P\u0142az\u0105, na po\u0142udnie z Babicami i Zag\u00f3rzem, a na zach\u00f3d z lasami ci\u0105gn\u0105cymi si\u0119 po \u017barki i Libi\u0105\u017c. W XV wieku dziedziczy\u0142 t\u0119 wie\u015b Stefan Pogorski, a kmiecie dawali dziesi\u0119ciny biskupowi krakowskiemu (D\u0142ugosz , L. B., II, 203). Wed\u0142ug regencji pobliskiego powiatu krakowskiego z roku 1490 wie\u015b Pogorzyce mia\u0142a 2 \u0142any. W 1581 roku wie\u015b Pogorzyce, w powiecie proszowskim parafia Ko\u015bcielec \u015al\u0105ski, w\u0142asno\u015b\u0107 Jakuba Be\u0142kackiego, mia\u0142a 3 \u0142any kmiece, 3 zagrody z rol\u0105, 1 komor\u0119 bez byd\u0142a (Pawi\u0144ski, Ma\u0142opolska, 32, 433).<\/p>\n\n\n\n<p>S\u0142ownik geograficzny kr\u00f3lestwa polskiego, red. Bronis\u0142aw Chlebowski, W\u0142adys\u0142aw Walewski, Wydawnictwa Artystyczne i Filmowe, Warszawa, 1977<br>\nPogorzyce, [w:] Sownik geograficzny\u2026, s. 509<\/p>\n","protected":false},"excerpt":{"rendered":"<p>Na po\u0142udnie od Ko\u015bcielca, mi\u0119dzy nim a Lipowcem, na rozleg\u0142ym wzg\u00f3rzu (368 m), leg\u0142a wie\u015b Pogorzyce, do parafii ko\u015bcieleckiej nale\u017c\u0105ca. W 1490 r. dziedzicem tej wsi, oraz Koscielca i Brzezia (pow. krakowski, na p\u0142n-wsch. od Zabierzowa) by\u0142 Stefan Pog\u00f3rski, kt\u00f3ry z Fryderykiem, kardyna\u0142em i biskupem krakowskim (1488-1503) rozpocz\u0105\u0142 sp\u00f3r, napad\u0142szy na wie\u015b biskupi\u0105 Jemielino, a\u017c [&hellip;]<\/p>\n","protected":false},"author":4,"featured_media":0,"parent":0,"menu_order":0,"comment_status":"closed","ping_status":"closed","template":"","meta":{"footnotes":""},"class_list":["post-183","page","type-page","status-publish","hentry"],"_links":{"self":[{"href":"http:\/\/pogorzyce.chrzanow.pl\/index.php\/wp-json\/wp\/v2\/pages\/183","targetHints":{"allow":["GET"]}}],"collection":[{"href":"http:\/\/pogorzyce.chrzanow.pl\/index.php\/wp-json\/wp\/v2\/pages"}],"about":[{"href":"http:\/\/pogorzyce.chrzanow.pl\/index.php\/wp-json\/wp\/v2\/types\/page"}],"author":[{"embeddable":true,"href":"http:\/\/pogorzyce.chrzanow.pl\/index.php\/wp-json\/wp\/v2\/users\/4"}],"replies":[{"embeddable":true,"href":"http:\/\/pogorzyce.chrzanow.pl\/index.php\/wp-json\/wp\/v2\/comments?post=183"}],"version-history":[{"count":2,"href":"http:\/\/pogorzyce.chrzanow.pl\/index.php\/wp-json\/wp\/v2\/pages\/183\/revisions"}],"predecessor-version":[{"id":215,"href":"http:\/\/pogorzyce.chrzanow.pl\/index.php\/wp-json\/wp\/v2\/pages\/183\/revisions\/215"}],"wp:attachment":[{"href":"http:\/\/pogorzyce.chrzanow.pl\/index.php\/wp-json\/wp\/v2\/media?parent=183"}],"curies":[{"name":"wp","href":"https:\/\/api.w.org\/{rel}","templated":true}]}}