{"id":152,"date":"2019-04-08T09:06:12","date_gmt":"2019-04-08T07:06:12","guid":{"rendered":"http:\/\/www.plaza24.eu\/pogorzyce_wp\/?page_id=152"},"modified":"2019-04-08T09:23:10","modified_gmt":"2019-04-08T07:23:10","slug":"plan-odnowy-miejscowosci","status":"publish","type":"page","link":"http:\/\/pogorzyce.chrzanow.pl\/index.php\/plan-odnowy-miejscowosci\/","title":{"rendered":"Plan Odnowy Miejscowo\u015bci"},"content":{"rendered":"\n<p>Plan Odnowy Miejscowo\u015bci Pogorzyce na lata 2010-2017 to dokument strategiczny okre\u015blaj\u0105cy rozw\u00f3j wsi w sferze spo\u0142eczno-gospodarczej.<br><br>\u201ePlan Odnowy Miejscowo\u015bci Pogorzyce na lata 2010 &#8211; 2017 &#8221; zawiera w szczeg\u00f3lno\u015bci:<br>a) charakterystyk\u0119 miejscowo\u015bci,<br>b) inwentaryzacj\u0119 zasob\u00f3w s\u0142u\u017c\u0105cych odnowie miejscowo\u015bci,<br>c) ocen\u0119 mocnych i s\u0142abych stron miejscowo\u015bci,<br>d) opis i charakterystyk\u0119 obszar\u00f3w o szczeg\u00f3lnym znaczeniu dla zaspokojenia potrzeb<br>mieszka\u0144c\u00f3w<br>e) opis planowanych zada\u0144 inwestycyjnych i przedsi\u0119wzi\u0119\u0107 aktywizuj\u0105cych spo\u0142eczno\u015b\u0107<br>lokaln\u0105 (Uchwala N r 1 \/ 2 0 1 0 Zebrania Wiejskiego So\u0142ectwa Pogorzyce z dnia 14 sierpnia 2010 roku)<br><br>Dzia\u0142ania znajduj\u0105ce si\u0119&nbsp; w Planie realizuj\u0105 cele uj\u0119te w Lokalnej Strategii Rozwoju \u2013 dokumencie strategicznym Lokalnej Grupy Dzia\u0142ania \u201ePartnerstwo na Jurze\u201d, kt\u00f3ra obejmuje swoim zasi\u0119giem powiat chrzanowski.<br><br>Plan uwzgl\u0119dnia zapisy \u201eStudium uwarunkowa\u0144 i kierunk\u00f3w zagospodarowania przestrzennego gminy Chrzan\u00f3w.\u201d<br><br>Plan Odnowy Miejscowo\u015bci jest dokumentem otwartym, a zapisane w nim zadania b\u0119d\u0105 aktualizowane stosownie do zmieniaj\u0105cych si\u0119 uwarunkowa\u0144 wewn\u0119trznych jak i zewn\u0119trznych, pojawiaj\u0105cych si\u0119 nowych mo\u017cliwo\u015bci. Uwzgl\u0119dniane b\u0119d\u0105 r\u00f3wnie\u017c nowe potrzeby zg\u0142aszane przez mieszka\u0144c\u00f3w, w\u0142adze samorz\u0105dowe gminy, organizacje pozarz\u0105dowe i nieformalne grupy mieszka\u0144c\u00f3w, sektor publiczny i prywatny.<br><\/p>\n","protected":false},"excerpt":{"rendered":"<p>Plan Odnowy Miejscowo\u015bci Pogorzyce na lata 2010-2017 to dokument strategiczny okre\u015blaj\u0105cy rozw\u00f3j wsi w sferze spo\u0142eczno-gospodarczej. \u201ePlan Odnowy Miejscowo\u015bci Pogorzyce na lata 2010 &#8211; 2017 &#8221; zawiera w szczeg\u00f3lno\u015bci:a) charakterystyk\u0119 miejscowo\u015bci,b) inwentaryzacj\u0119 zasob\u00f3w s\u0142u\u017c\u0105cych odnowie miejscowo\u015bci,c) ocen\u0119 mocnych i s\u0142abych stron miejscowo\u015bci,d) opis i charakterystyk\u0119 obszar\u00f3w o szczeg\u00f3lnym znaczeniu dla zaspokojenia potrzebmieszka\u0144c\u00f3we) opis planowanych zada\u0144 [&hellip;]<\/p>\n","protected":false},"author":4,"featured_media":0,"parent":0,"menu_order":0,"comment_status":"closed","ping_status":"closed","template":"","meta":{"footnotes":""},"class_list":["post-152","page","type-page","status-publish","hentry"],"_links":{"self":[{"href":"http:\/\/pogorzyce.chrzanow.pl\/index.php\/wp-json\/wp\/v2\/pages\/152","targetHints":{"allow":["GET"]}}],"collection":[{"href":"http:\/\/pogorzyce.chrzanow.pl\/index.php\/wp-json\/wp\/v2\/pages"}],"about":[{"href":"http:\/\/pogorzyce.chrzanow.pl\/index.php\/wp-json\/wp\/v2\/types\/page"}],"author":[{"embeddable":true,"href":"http:\/\/pogorzyce.chrzanow.pl\/index.php\/wp-json\/wp\/v2\/users\/4"}],"replies":[{"embeddable":true,"href":"http:\/\/pogorzyce.chrzanow.pl\/index.php\/wp-json\/wp\/v2\/comments?post=152"}],"version-history":[{"count":2,"href":"http:\/\/pogorzyce.chrzanow.pl\/index.php\/wp-json\/wp\/v2\/pages\/152\/revisions"}],"predecessor-version":[{"id":176,"href":"http:\/\/pogorzyce.chrzanow.pl\/index.php\/wp-json\/wp\/v2\/pages\/152\/revisions\/176"}],"wp:attachment":[{"href":"http:\/\/pogorzyce.chrzanow.pl\/index.php\/wp-json\/wp\/v2\/media?parent=152"}],"curies":[{"name":"wp","href":"https:\/\/api.w.org\/{rel}","templated":true}]}}