{"id":13,"date":"2019-03-25T11:04:39","date_gmt":"2019-03-25T10:04:39","guid":{"rendered":"http:\/\/www.plaza24.eu\/pogorzyce_wp\/?page_id=13"},"modified":"2022-12-30T10:46:36","modified_gmt":"2022-12-30T09:46:36","slug":"redakcja","status":"publish","type":"page","link":"http:\/\/pogorzyce.chrzanow.pl\/index.php\/redakcja\/","title":{"rendered":"Redakcja"},"content":{"rendered":"\n<p>Miejska Biblioteka Publiczna w Chrzanowie w porozumieniu z lokalnymi partnerami redaguje portal informacyjny so\u0142ectwa Pogorzyce. Do wsp\u00f3\u0142pracy zapraszamy wszystkich, kt\u00f3rzy chcieliby zamie\u015bci\u0107 swoje materia\u0142y. Prosimy tak\u017ce o uwagi dotycz\u0105ce portalu.<\/p>\n\n\n\n<p><strong>Kontakt:<\/strong><br>Agnieszka Mendela<br>e-mail:\u00a0<a href=\"&#x6d;a&#x69;&#108;&#x74;&#x6f;:&#x66;&#105;&#x6c;&#x69;a&#x70;&#111;&#x67;&#x6f;r&#x7a;&#121;&#x63;&#x65;&#64;&#x6d;&#98;&#x70;&#x2e;c&#x68;&#114;&#x7a;&#x61;n&#x6f;&#119;&#x2e;&#x70;l\">&#102;&#x69;&#108;&#x69;a&#x70;o&#103;&#x6f;&#114;&#x7a;&#121;&#x63;e&#x40;m&#98;&#x70;&#46;&#x63;h&#x72;z&#x61;&#x6e;&#111;&#x77;&#46;&#x70;l<\/a><\/p>\n\n\n\n<p><strong>Materia\u0142y mo\u017cna zostawia\u0107:<\/strong><br>Miejska Biblioteka Publiczna Filia w Pogorzycach<br>ul. Karola Szymanowskiego 47A<br>32-501 Pogorzyce<br>telefon: 32 343 43 60<\/p>\n\n\n\n<iframe loading=\"lazy\" width=\"425\" height=\"350\" frameborder=\"0\" scrolling=\"no\" marginheight=\"0\" marginwidth=\"0\" src=\"https:\/\/www.openstreetmap.org\/export\/embed.html?bbox=19.423769116401676%2C50.09870459853368%2C19.428986012935642%2C50.10047501023412&amp;layer=mapnik&amp;marker=50.099588952303705%2C19.42637885848717\" style=\"border: 1px solid black\"><\/iframe><br\/><small><a href=\"https:\/\/www.openstreetmap.org\/?mlat=50.09959&amp;mlon=19.42638#map=19\/50.09959\/19.42638&amp;layers=N\">Wy\u015bwietl wi\u0119ksz\u0105 map\u0119<\/a><\/small>\n","protected":false},"excerpt":{"rendered":"<p>Miejska Biblioteka Publiczna w Chrzanowie w porozumieniu z lokalnymi partnerami redaguje portal informacyjny so\u0142ectwa Pogorzyce. Do wsp\u00f3\u0142pracy zapraszamy wszystkich, kt\u00f3rzy chcieliby zamie\u015bci\u0107 swoje materia\u0142y. Prosimy tak\u017ce o uwagi dotycz\u0105ce portalu. Kontakt:Agnieszka Mendelae-mail:\u00a0&#x66;&#x69;&#x6c;&#x69;&#x61;&#x70;&#x6f;&#x67;&#x6f;&#x72;&#x7a;&#121;&#99;&#101;&#64;&#109;&#98;&#112;&#46;chrza&#x6e;&#x6f;&#x77;&#x2e;&#x70;&#x6c; Materia\u0142y mo\u017cna zostawia\u0107:Miejska Biblioteka Publiczna Filia w Pogorzycachul. Karola Szymanowskiego 47A32-501 Pogorzycetelefon: 32 343 43 60 Wy\u015bwietl wi\u0119ksz\u0105 map\u0119<\/p>\n","protected":false},"author":4,"featured_media":0,"parent":0,"menu_order":0,"comment_status":"closed","ping_status":"closed","template":"","meta":{"footnotes":""},"class_list":["post-13","page","type-page","status-publish","hentry"],"_links":{"self":[{"href":"http:\/\/pogorzyce.chrzanow.pl\/index.php\/wp-json\/wp\/v2\/pages\/13","targetHints":{"allow":["GET"]}}],"collection":[{"href":"http:\/\/pogorzyce.chrzanow.pl\/index.php\/wp-json\/wp\/v2\/pages"}],"about":[{"href":"http:\/\/pogorzyce.chrzanow.pl\/index.php\/wp-json\/wp\/v2\/types\/page"}],"author":[{"embeddable":true,"href":"http:\/\/pogorzyce.chrzanow.pl\/index.php\/wp-json\/wp\/v2\/users\/4"}],"replies":[{"embeddable":true,"href":"http:\/\/pogorzyce.chrzanow.pl\/index.php\/wp-json\/wp\/v2\/comments?post=13"}],"version-history":[{"count":4,"href":"http:\/\/pogorzyce.chrzanow.pl\/index.php\/wp-json\/wp\/v2\/pages\/13\/revisions"}],"predecessor-version":[{"id":468,"href":"http:\/\/pogorzyce.chrzanow.pl\/index.php\/wp-json\/wp\/v2\/pages\/13\/revisions\/468"}],"wp:attachment":[{"href":"http:\/\/pogorzyce.chrzanow.pl\/index.php\/wp-json\/wp\/v2\/media?parent=13"}],"curies":[{"name":"wp","href":"https:\/\/api.w.org\/{rel}","templated":true}]}}