{"id":12,"date":"2019-03-25T11:04:39","date_gmt":"2019-03-25T10:04:39","guid":{"rendered":"http:\/\/www.plaza24.eu\/pogorzyce_wp\/?page_id=12"},"modified":"2022-12-30T10:42:14","modified_gmt":"2022-12-30T09:42:14","slug":"galeria","status":"publish","type":"page","link":"http:\/\/pogorzyce.chrzanow.pl\/index.php\/galeria\/","title":{"rendered":"Galeria"},"content":{"rendered":"\n<p>Miejska Biblioteka Publiczna w Chrzanowie w porozumieniu z lokalnymi partnerami redaguje portal informacyjny so\u0142ectwa Pogorzyce. Do wsp\u00f3\u0142pracy zapraszamy wszystkich, kt\u00f3rzy chcieliby zamie\u015bci\u0107 swoje materia\u0142y. Prosimy tak\u017ce o uwagi dotycz\u0105ce portalu.<\/p>\n\n\n\n<p>Kontakt:<br>e-mail:&nbsp;<a href=\"mail&#116;&#111;&#58;&#114;&#101;&#x67;&#x69;&#x6f;&#x6e;&#x61;&#x6c;&#x69;a&#64;mb&#112;&#46;&#99;&#104;&#114;&#x7a;&#x61;&#x6e;&#x6f;&#x77;&#x2e;&#x70;&#x6c;\">&#114;&#x65;g&#105;&#x6f;n&#x61;&#x6c;&#105;&#x61;&#64;&#109;&#x62;p&#46;&#x63;&#104;&#x72;z&#97;&#x6e;o&#119;&#x2e;&#112;&#x6c;<\/a><br>gadu-gadu: 4349612 redakcja<\/p>\n\n\n\n<p>Koordynator projektu ds. merytorycznych: Ma\u0142gorzata Zbroszczyk<br>e-mail:&nbsp;<a href=\"m&#97;&#105;&#x6c;&#x74;&#x6f;:m&#122;&#98;&#x72;&#x6f;&#x73;z&#99;&#122;&#121;&#x6b;&#x40;&#x6d;b&#112;&#46;&#x63;&#x68;&#x72;za&#110;&#111;&#x77;&#x2e;&#x70;l\">&#109;&#x7a;&#x62;&#114;&#x6f;&#x73;&#122;&#x63;&#x7a;&#121;&#x6b;&#x40;&#109;&#x62;&#x70;&#46;&#x63;&#x68;&#114;&#x7a;&#x61;&#110;&#x6f;&#x77;&#46;&#x70;&#x6c;<\/a><\/p>\n\n\n\n<p>Materia\u0142y mo\u017cna zostawia\u0107:<br>Miejska Biblioteka Publiczna Filia w Pogorzycach<br>ul. Szymanowskiego 29<br>32-500 Pogorzyce<br>telefon: 32 622 79 93<\/p>\n\n\n\n<p><strong>Mieszka\u0144cy!<\/strong><br>Znajdziecie tu wiadomo\u015bci dotycz\u0105ce wydarze\u0144 kulturalnych w Pogorzycach, poznacie histori\u0119 miejscowo\u015bci i b\u0119dziecie mogli poczyta\u0107 o otaczaj\u0105cej nas przyrodzie. Wszystkie instytucje i organizacje spo\u0142eczne zamieszczaj\u0105 na tej stronie wa\u017cne informacje dotycz\u0105ce swojej dzia\u0142alno\u015bci.<br>Portal Pogorzyc dzia\u0142a dzi\u0119ki Dyrektor Miejskiej Biblioteki Publicznej w Chrzanowie Pani Lucynie Kumali. Stron\u0119 tworz\u0105 pracownicy biblioteki: informatyk Bogus\u0142aw Mucha i bibliotekarz Ma\u0142gorzata Zbroszczyk przy wsp\u00f3\u0142pracy z kierownikiem Filii w Pogorzycach Ma\u0142gorzat\u0105 Ro\u017ckowicz.<br>Ka\u017cdy z Was mo\u017ce by\u0107 wsp\u00f3\u0142autorem tej strony. Je\u017celi chcesz si\u0119 podzieli\u0107 swoj\u0105 wiedz\u0105, masz interesuj\u0105ce zdj\u0119cia, ciekawe hobby, chcia\u0142by\u015b co\u015b zmieni\u0107 lub doda\u0107 zg\u0142o\u015b si\u0119 do Biblioteki w Pogorzycach lub napisz na&nbsp;<a href=\"&#x6d;a&#x69;&#108;&#x74;&#111;&#x3a;&#x72;e&#x67;&#105;&#x6f;&#110;&#x61;&#108;i&#x61;&#64;&#x6d;&#98;&#x70;&#46;c&#x68;&#114;&#x7a;&#97;&#x6e;&#111;w&#x2e;p&#x6c;\">r&#101;&#x67;&#x69;o&#110;&#97;&#x6c;&#x69;a&#64;&#109;&#x62;&#x70;&#46;&#99;&#x68;&#x72;&#x7a;a&#110;&#x6f;&#x77;&#46;&#112;&#108;<\/a>.<\/p>\n","protected":false},"excerpt":{"rendered":"<p>Miejska Biblioteka Publiczna w Chrzanowie w porozumieniu z lokalnymi partnerami redaguje portal informacyjny so\u0142ectwa Pogorzyce. Do wsp\u00f3\u0142pracy zapraszamy wszystkich, kt\u00f3rzy chcieliby zamie\u015bci\u0107 swoje materia\u0142y. Prosimy tak\u017ce o uwagi dotycz\u0105ce portalu. Kontakt:e-mail:&nbsp;&#x72;&#x65;&#x67;&#x69;&#x6f;&#x6e;&#x61;&#x6c;&#x69;&#x61;&#x40;&#x6d;&#x62;&#x70;&#x2e;&#x63;&#x68;&#x72;&#x7a;&#x61;&#x6e;&#x6f;&#x77;&#x2e;&#x70;&#x6c;gadu-gadu: 4349612 redakcja Koordynator projektu ds. merytorycznych: Ma\u0142gorzata Zbroszczyke-mail:&nbsp;&#109;&#x7a;b&#x72;&#x6f;&#115;&#x7a;c&#122;&#x79;&#107;&#x40;m&#98;&#x70;&#46;&#x63;h&#114;&#x7a;a&#x6e;&#x6f;&#119;&#x2e;p&#108; Materia\u0142y mo\u017cna zostawia\u0107:Miejska Biblioteka Publiczna Filia w Pogorzycachul. Szymanowskiego 2932-500 Pogorzycetelefon: 32 622 79 93 Mieszka\u0144cy!Znajdziecie [&hellip;]<\/p>\n","protected":false},"author":4,"featured_media":0,"parent":0,"menu_order":0,"comment_status":"closed","ping_status":"closed","template":"","meta":{"footnotes":""},"class_list":["post-12","page","type-page","status-publish","hentry"],"_links":{"self":[{"href":"http:\/\/pogorzyce.chrzanow.pl\/index.php\/wp-json\/wp\/v2\/pages\/12","targetHints":{"allow":["GET"]}}],"collection":[{"href":"http:\/\/pogorzyce.chrzanow.pl\/index.php\/wp-json\/wp\/v2\/pages"}],"about":[{"href":"http:\/\/pogorzyce.chrzanow.pl\/index.php\/wp-json\/wp\/v2\/types\/page"}],"author":[{"embeddable":true,"href":"http:\/\/pogorzyce.chrzanow.pl\/index.php\/wp-json\/wp\/v2\/users\/4"}],"replies":[{"embeddable":true,"href":"http:\/\/pogorzyce.chrzanow.pl\/index.php\/wp-json\/wp\/v2\/comments?post=12"}],"version-history":[{"count":6,"href":"http:\/\/pogorzyce.chrzanow.pl\/index.php\/wp-json\/wp\/v2\/pages\/12\/revisions"}],"predecessor-version":[{"id":465,"href":"http:\/\/pogorzyce.chrzanow.pl\/index.php\/wp-json\/wp\/v2\/pages\/12\/revisions\/465"}],"wp:attachment":[{"href":"http:\/\/pogorzyce.chrzanow.pl\/index.php\/wp-json\/wp\/v2\/media?parent=12"}],"curies":[{"name":"wp","href":"https:\/\/api.w.org\/{rel}","templated":true}]}}